{"id":105,"date":"2012-08-17T19:52:00","date_gmt":"2012-08-17T19:52:00","guid":{"rendered":"http:\/\/www.doctorlizmusic.com\/voice\/?page_id=105"},"modified":"2012-08-17T20:06:41","modified_gmt":"2012-08-17T20:06:41","slug":"french-opera","status":"publish","type":"page","link":"http:\/\/www.doctorlizmusic.com\/voice\/?page_id=105","title":{"rendered":"French Opera"},"content":{"rendered":"<h2 style=\"text-align: center;\">D\u00e9libes<\/h2>\n<p style=\"text-align: center;\"><a href=\"http:\/\/www.doctorlizmusic.com\/voice\/wp-content\/uploads\/2012\/08\/dome_epais-11.mp3\">Sous le d\u00f4me \u00e9pais (Flower Duet)<\/a>\u00a0from<em> Lakm\u00e9<\/em><\/p>\n","protected":false},"excerpt":{"rendered":"<p>D\u00e9libes Sous le d\u00f4me \u00e9pais (Flower Duet)\u00a0from Lakm\u00e9<\/p>\n","protected":false},"author":1,"featured_media":0,"parent":12,"menu_order":0,"comment_status":"closed","ping_status":"closed","template":"","meta":{"footnotes":""},"class_list":["post-105","page","type-page","status-publish","hentry"],"_links":{"self":[{"href":"http:\/\/www.doctorlizmusic.com\/voice\/index.php?rest_route=\/wp\/v2\/pages\/105","targetHints":{"allow":["GET"]}}],"collection":[{"href":"http:\/\/www.doctorlizmusic.com\/voice\/index.php?rest_route=\/wp\/v2\/pages"}],"about":[{"href":"http:\/\/www.doctorlizmusic.com\/voice\/index.php?rest_route=\/wp\/v2\/types\/page"}],"author":[{"embeddable":true,"href":"http:\/\/www.doctorlizmusic.com\/voice\/index.php?rest_route=\/wp\/v2\/users\/1"}],"replies":[{"embeddable":true,"href":"http:\/\/www.doctorlizmusic.com\/voice\/index.php?rest_route=%2Fwp%2Fv2%2Fcomments&post=105"}],"version-history":[{"count":3,"href":"http:\/\/www.doctorlizmusic.com\/voice\/index.php?rest_route=\/wp\/v2\/pages\/105\/revisions"}],"predecessor-version":[{"id":133,"href":"http:\/\/www.doctorlizmusic.com\/voice\/index.php?rest_route=\/wp\/v2\/pages\/105\/revisions\/133"}],"up":[{"embeddable":true,"href":"http:\/\/www.doctorlizmusic.com\/voice\/index.php?rest_route=\/wp\/v2\/pages\/12"}],"wp:attachment":[{"href":"http:\/\/www.doctorlizmusic.com\/voice\/index.php?rest_route=%2Fwp%2Fv2%2Fmedia&parent=105"}],"curies":[{"name":"wp","href":"https:\/\/api.w.org\/{rel}","templated":true}]}}